{"id":6573,"date":"2020-05-26T10:09:44","date_gmt":"2020-05-26T08:09:44","guid":{"rendered":"https:\/\/www.for-living.it\/?page_id=6573"},"modified":"2020-05-26T10:42:32","modified_gmt":"2020-05-26T08:42:32","slug":"cookie-policy","status":"publish","type":"page","link":"https:\/\/www.for-living.it\/fr\/cookie-policy\/","title":{"rendered":"Cookie Policy"},"content":{"rendered":"\n<p>Translate this page in:<\/p>\n<div id=\"google_translate_element\">\u00a0<\/div>\n<p align=\"justify\"><script type=\"text\/javascript\">\nfunction googleTranslateElementInit() {\nnew google.translate.TranslateElement({pageLanguage: 'it'}, 'google_translate_element');\n}\n<\/script><br \/><script type=\"text\/javascript\" src=\"\/\/translate.google.com\/translate_a\/element.js?cb=googleTranslateElementInit\"><\/script><\/p>\n<h1><strong>INFORMAZIONI ESTESE SULL\u2019USO DEI COOKIE<\/strong><\/h1>\n<p align=\"justify\"><em>Ai sensi del provvedimento del Garante della Privacy n. 229 del 08\/05\/2014<\/em><\/p>\n<p align=\"justify\">Il presente documento fornisce informazioni dettagliate sull\u2019uso dei cookie e di tecnologie similari, su come sono utilizzati da FOR LIVING S.R.L.<\/p>\n<p align=\"justify\"><strong>COSA SONO I COOKIE<\/strong><br \/>I cookie sono stringhe di testo di piccole dimensioni che i siti visitati dall\u2019utente inviano al suo terminale (solitamente al browser) dove vengono memorizzati per essere poi ritrasmessi agli stessi siti nel corso della medesima visita al sito (cookie di sessione) o in seguito, anche a distanza di giorni (cookie persistenti). I cookie vengono memorizzati, in base alle preferenze dell\u2019utente, dal singolo browser sullo specifico dispositivo utilizzato (computer, tablet, smartphone).<\/p>\n<p align=\"justify\">Nel corso della navigazione su un sito l\u2019utente pu\u00f2 ricevere sul suo terminale anche cookie che vengono inviati da siti o da web server diversi (c.d. \u201cterze parti\u201d), sui quali possono risiedere alcuni elementi (quali, ad es., immagini, mappe, suoni, specifici link a pagine di altri domini) presenti sul sito che lo stesso sta visitando.<\/p>\n<p align=\"justify\">I cookie, solitamente presenti nei browser degli utenti in numero molto elevato e a volte anche con caratteristiche di ampia persistenza temporale, sono usati per differenti finalit\u00e0: esecuzione di autenticazioni informatiche, monitoraggio di sessioni, memorizzazione di informazioni su specifiche configurazioni riguardanti gli utenti che accedono al server, ecc.<\/p>\n<p align=\"justify\">Nel seguito di questo documento si far\u00e0 riferimento ai cookie e a tutte le tecnologie similari utilizzando semplicemente il termine \u201ccookie\u201d.<\/p>\n<p align=\"justify\"><strong>TIPOLOGIE DI COOKIE<\/strong><br \/>Il Provvedimento del Garante per Privacy \u201cIndividuazione delle modalit\u00e0 semplificate per l\u2019informativa e l\u2019acquisizione del consenso per l\u2019uso dei cookie &#8211; 8 maggio 2014 (G.U. n. 126 del 3 giugno 2014)\u201d individua due macro-categorie di cookie: cookie \u201ctecnici\u201d e cookie \u201cdi profilazione\u201d.<\/p>\n<p align=\"justify\"><strong>Cookie \u201ctecnici\u201d<\/strong><br \/>I cookie tecnici sono quelli utilizzati al solo fine di \u201ceffettuare la trasmissione di una comunicazione su una rete di comunicazione elettronica, o nella misura strettamente necessaria al fornitore di un servizio della societ\u00e0 dell\u2019informazione esplicitamente richiesto dall\u2019abbonato o dall\u2019utente a erogare tale servizio\u201d (cfr. art. 122, comma 1, del Codice).<\/p>\n<p align=\"justify\">Essi non vengono utilizzati per scopi ulteriori e sono normalmente installati direttamente dal titolare o gestore del sito web. Possono essere suddivisi in cookie di navigazione o di sessione, che garantiscono la normale navigazione e fruizione del sito web; cookie analytics, assimilati ai cookie tecnici laddove utilizzati direttamente dal gestore del sito per raccogliere informazioni, in forma aggregata, sul numero degli utenti e su come questi visitano il sito stesso; cookie di funzionalit\u00e0, che permettono all\u2019utente la navigazione in funzione di una serie di criteri selezionati al fine di migliorare il servizio reso allo stesso.<\/p>\n<p align=\"justify\">Per l\u2019installazione di tali cookie non occorre l\u2019acquisizione di un preventivo consenso degli utenti, mentre resta fermo l\u2019obbligo di dare le informazioni ai sensi dell\u2019art. 13 del Regolamento UE 679\/2016, che il gestore del sito, qualora utilizzi soltanto tali dispositivi, potr\u00e0 fornire con le modalit\u00e0 che ritiene pi\u00f9 idonee.<\/p>\n<p align=\"justify\"><strong>I siti di FOR LIVING S.R.L. utilizzano cookie tecnici o assimilabili:<\/strong><\/p>\n<ul>\n<li>I siti che mostrano il banner informativo richiesto dal provvedimento del Garante per la Privacy n. 229 dell\u20198\/5\/2014 installano sul dispositivo del visitatore un cookie tecnico a dimostrazione dell\u2019avvenuto clic sul pulsante \u201cOK\u201d e che evita che il banner sia riproposto. Se questo cookie viene cancellato il banner riappare al primo passaggio sul sito.<\/li>\n<li><span style=\"background-color: #ffffff;\">Il cookie si chiama <strong>catAccCookies<\/strong> <\/span><br \/><span style=\"background-color: #ffffff;\"><strong>Descrizione dello scopo del cookie<\/strong>: Determina se il visitatore ha accettato la casella di consenso sui cookie. Ci\u00f2 evita che la casella del consenso riappare al momento del rientro.<\/span><br \/><span style=\"background-color: #ffffff;\"><b>Inizializzatore<\/b>: Pagina numero di linea sorgente 2615-2624<\/span><br \/><span style=\"background-color: #ffffff;\"><b>Origine<\/b>: Script inline<\/span><br \/><span style=\"background-color: #ffffff;\"><b>Dati inviati in<\/b>: Stati Uniti (adeguato)<\/span><br \/><span style=\"background-color: #ffffff;\">Paese adeguato secondo il GDPR (UE)<\/span><\/li>\n<li><span style=\"background-color: #ffffff;\">Il cookie si chiama <strong>_ga<\/strong> <\/span><br \/><span style=\"background-color: #ffffff;\"><strong>Descrizione dello scopo del cookie<\/strong>: Registra un ID univoco utilizzato per generare dati statistici su come il visitatore utilizza il sito internet.<\/span><br \/><span style=\"background-color: #ffffff;\"><b>Inizializzatore<\/b>: Pagina numero di linea sorgente 89-95<\/span><br \/><span style=\"background-color: #ffffff;\"><b>Origine<\/b>: Script inline<\/span><br \/><span style=\"background-color: #ffffff;\"><b>Dati inviati in<\/b>: Stati Uniti (adeguato)<\/span><br \/><span style=\"background-color: #ffffff;\">Paese adeguato secondo il GDPR (UE)<\/span><\/li>\n<li><span style=\"background-color: #ffffff;\">Il cookie si chiama <strong>_gat<\/strong> <\/span><br \/><span style=\"background-color: #ffffff;\"><strong>Descrizione dello scopo del cookie<\/strong>: Utilizzato da Google Analytics per limitare la frequenza delle richieste.<\/span><br \/><span style=\"background-color: #ffffff;\"><b>Inizializzatore<\/b>: Pagina numero di linea sorgente 89-95<\/span><br \/><span style=\"background-color: #ffffff;\"><b>Origine<\/b>: Script inline<\/span><br \/><span style=\"background-color: #ffffff;\"><b>Dati inviati in<\/b>: Stati Uniti (adeguato)<\/span><br \/><span style=\"background-color: #ffffff;\">Paese adeguato secondo il GDPR (UE)<\/span><\/li>\n<li><span style=\"background-color: #ffffff;\">Il cookie si chiama <strong>_gid<\/strong> <\/span><br \/><span style=\"background-color: #ffffff;\"><strong>Descrizione dello scopo del cookie<\/strong>: Registra un ID univoco utilizzato per generare dati statistici su come il visitatore utilizza il sito internet.<\/span><br \/><span style=\"background-color: #ffffff;\"><b>Inizializzatore<\/b>: Pagina numero di linea sorgente 89-95<\/span><br \/><span style=\"background-color: #ffffff;\"><b>Origine<\/b>: Script inline<\/span><br \/><span style=\"background-color: #ffffff;\"><b>Dati inviati in<\/b>: Stati Uniti (adeguato)<\/span><br \/><span style=\"background-color: #ffffff;\">Paese adeguato secondo il GDPR (UE)<\/span><\/li>\n<li><span style=\"background-color: #ffffff;\">Il cookie si chiama <strong>collect<\/strong> <\/span><br \/><span style=\"background-color: #ffffff;\"><strong>Descrizione dello scopo del cookie<\/strong>: Utilizzato per inviare dati a Google Analytics in merito al dispositivo e al comportamento dell&rsquo;utente. Tiene traccia dell&rsquo;utente su dispositivi e canali di marketing.<\/span><br \/><span style=\"background-color: #ffffff;\"><b>Inizializzatore<\/b>: Pagina numero di linea sorgente 89-95<\/span><br \/><span style=\"background-color: #ffffff;\"><b>Origine<\/b>: Script in line<br \/><b>Dati inviati in<\/b>: Stati Uniti (adeguato)<\/span><br \/><span style=\"background-color: #ffffff;\">Paese adeguato secondo il GDPR (UE)<\/span><\/li>\n<li>La maggior parte dei siti di FOR LIVING S.R.L. utilizza <strong>Google Analytics<\/strong>, servizio di analisi del traffico web fornito da Google, Inc. che installa i propri cookie atti a raccogliere e analizzare informazioni sui comportamenti di utilizzo dei siti di FOR LIVING S.R.L. da parte degli utenti visitatori. Questi cookie vengono utilizzati per memorizzare informazioni non personali. Per informazioni sui cookie di Google Analytics: <span style=\"color: #aaa096;\"><strong><a style=\"color: #aaa096;\" href=\"https:\/\/developers.google.com\/analytics\/devguides\/collection\/analyticsjs\/cookie-usage\" target=\"_blank\" rel=\"noopener noreferrer\">clicca qui<\/a><\/strong><\/span>.<\/li>\n<\/ul>\n<p><strong>For Living Srl adotta le misure idonee a ridurre il potere identificativo di questi cookie mediante l\u2019anonimizzazione dell\u2019indirizzo ip del visitatore<\/strong> secondo le modalit\u00e0 indicate da Google stessa:<br \/><a href=\"https:\/\/developers.google.com\/analytics\/devguides\/collection\/analyticsjs\/#anonymizeip\" target=\"_blank\" rel=\"noopener noreferrer\">IP Anonymization<\/a><\/p>\n<p align=\"justify\">Google Analytics tutela la riservatezza dei suoi dati in vari modi:<\/p>\n<ul>\n<li>I termini di servizio di Google Analytics, che tutti i clienti di Google Analytics devono rispettare, vietano l\u2019invio di informazioni personali a Google Analytics. Le informazioni personali includono tutti i dati utilizzabili da Google per identificare verosimilmente un individuo inclusi, a titolo esemplificativo ma non esaustivo, nomi, indirizzi e-mail o dati di fatturazione;<\/li>\n<li>Non \u00e8 consentito fornire a terzi i dati di Google Analytics senza il consenso del cliente, salvo in alcune specifiche circostanze, come quando viene richiesto in forza di legge;<\/li>\n<li>I team di tecnici Google esperti di sicurezza proteggono i dati dalle minacce esterne. L\u2019accesso interno ai dati \u00e8 strettamente regolamentato e soggetto a controlli e procedure di accesso dei dipendenti.<\/li>\n<\/ul>\n<p>Per ulteriori informazioni, si rinvia al link di seguito indicato: <span style=\"color: #aaa096;\"><strong><a style=\"color: #aaa096;\" href=\"https:\/\/support.google.com\/analytics\/answer\/6004245\" target=\"_blank\" rel=\"noopener noreferrer\">clicca qui<\/a><\/strong><\/span><\/p>\n<p align=\"justify\">L\u2019utente pu\u00f2 disabilitare in modo selettivo l\u2019azione di Google Analytics installando sul proprio browser la componente di opt-out fornita da Google. Per disabilitare l\u2019azione di Google Analytics, si rinvia al link di seguito indicato: https:\/\/tools.google.com\/dlpage\/gaoptout<\/p>\n<p align=\"justify\"><strong>Cookie \u201cdi profilazione\u201d<\/strong><br \/>I cookie di profilazione sono volti a creare profili relativi all\u2019utente e vengono utilizzati al fine di inviare messaggi pubblicitari in linea con le preferenze manifestate dallo stesso nell\u2019ambito della navigazione in rete. In ragione della particolare invasivit\u00e0 che tali dispositivi possono avere nell\u2019ambito della sfera privata degli utenti, la normativa europea e italiana prevede che l\u2019utente debba essere adeguatamente informato sull\u2019uso degli stessi ed esprimere cos\u00ec il proprio valido consenso.<\/p>\n<p align=\"justify\">Ad essi si riferisce l\u2019art. 122 del Codice laddove prevede che \u201cl\u2019archiviazione delle informazioni nell\u2019apparecchio terminale di un contraente o di un utente o l\u2019accesso a informazioni gi\u00e0 archiviate sono consentiti unicamente a condizione che il contraente o l\u2019utente abbia espresso il proprio consenso dopo essere stato informato con le modalit\u00e0 semplificate di cui all\u2019articolo 13, comma 3\u201d (art. 122, comma 1, del Codice).<\/p>\n<p align=\"justify\"><strong>Cookie \u201cdi terze parti\u201d<\/strong><br \/>Visitando un sito web si possono ricevere cookie sia dal sito visitato (\u201cproprietari\u201d), sia da siti gestiti da altre organizzazioni (\u201cterze parti\u201d). Un esempio sono i \u201csocial plugin\u201d di Instagram. Si tratta di parti della pagina visitata generate direttamente dai suddetti siti ed integrati nella pagina del sito ospitante. L\u2019utilizzo pi\u00f9 comune dei social plugin \u00e8 finalizzato alla condivisione dei contenuti sui social network.<\/p>\n<p align=\"justify\">La presenza di questi plugin comporta la trasmissione di cookie da e verso tutti i siti gestiti da terze parti. La gestione delle informazioni raccolte da \u201cterze parti\u201d \u00e8 disciplinata dalle relative informative cui si prega di fare riferimento. Per garantire una maggiore trasparenza e comodit\u00e0, si riportano qui di seguito gli indirizzi web delle diverse informative e delle modalit\u00e0 per la gestione dei cookie.<\/p>\n<p align=\"justify\">Instagram: https:\/\/instagram.com\/legal\/cookies\/<\/p>\n<p align=\"justify\"><strong>DURATA DEI COOKIE<\/strong><br \/>Alcuni cookie (cookie di sessione) restano attivi solo fino alla chiusura del browser o all\u2019esecuzione del comando di logout. Altri cookie \u201csopravvivono\u201d alla chiusura del browser e sono disponibili anche in successive visite dell\u2019utente.<\/p>\n<p align=\"justify\">Questi cookie sono detti persistenti e la loro durata \u00e8 fissata dal server al momento della loro creazione. In alcuni casi \u00e8 fissata una scadenza, in altri casi la durata \u00e8 illimitata.<\/p>\n<p align=\"justify\">Navigando sulle pagine del sito, si pu\u00f2 interagire con siti gestiti da terze parti che possono creare o modificare cookie persistenti e di profilazione.<\/p>\n<p align=\"justify\"><strong>GESTIONE DEI COOKIE DA PARTE DEL VISITATORE<\/strong><br \/>L\u2019utente pu\u00f2 decidere se accettare o meno i cookie utilizzando le impostazioni del proprio browser.<\/p>\n<p align=\"justify\">La disabilitazione totale o parziale dei cookie tecnici non compromette l\u2019utilizzo delle funzionalit\u00e0 del sito.<\/p>\n<p align=\"justify\">L\u2019impostazione pu\u00f2 essere definita in modo specifico per i diversi siti e applicazioni web.<\/p>\n<p align=\"justify\">Di seguito le risorse web che illustrano come procedere per ciascuno dei principali browser:<\/p>\n<p>Chrome: <span style=\"color: #aaa096;\"><strong><a style=\"color: #aaa096;\" href=\"https:\/\/support.google.com\/chrome\/answer\/95647?hl=it\" target=\"_blank\" rel=\"noopener noreferrer\">clicca qui<\/a><\/strong><\/span><br \/>Firefox: <span style=\"color: #aaa096;\"><strong><a style=\"color: #aaa096;\" href=\"https:\/\/support.mozilla.org\/it\/kb\/Gestione%20dei%20cookie\" target=\"_blank\" rel=\"noopener noreferrer\">clicca qui<\/a><\/strong><\/span><br \/>Internet Explorer: <span style=\"color: #aaa096;\"><strong><a style=\"color: #aaa096;\" href=\"http:\/\/windows.microsoft.com\/it-it\/windows7\/how-to-manage-cookies-in-internet-explorer-9\" target=\"_blank\" rel=\"noopener noreferrer\">clicca qui<\/a><\/strong><\/span><br \/>Opera: <strong><span style=\"color: #aaa096;\"><a style=\"color: #aaa096;\" href=\"http:\/\/help.opera.com\/Windows\/10.00\/it\/cookies.html\" target=\"_blank\" rel=\"noopener noreferrer\">clicca qui<\/a><\/span><\/strong><br \/>Safari: <span style=\"color: #aaa096;\"><strong><a style=\"color: #aaa096;\" href=\"http:\/\/support.apple.com\/kb\/HT1677?viewlocale=it_IT\" target=\"_blank\" rel=\"noopener noreferrer\">clicca qui<\/a><\/strong><\/span><\/p>\n<p align=\"justify\"><strong>DATI DI NAVIGAZIONE<\/strong><br \/>For Living Srl conserva i file di log dei propri server web: questi dati vengono utilizzati esclusivamente a fini statistici e per eventuali problemi di sicurezza.<\/p>\n<p align=\"justify\">A fini statistici di For Living Srl elabora internamente i log del proprio server web attraverso il software <a href=\"https:\/\/httpd.apache.org\/\" target=\"_blank\" rel=\"noopener noreferrer\"><strong>Apache<\/strong><\/a>. I dati elaborati non sono resi pubblici.<\/p>\n<p align=\"justify\"><a href=\"https:\/\/www.for-living.it\/fr\/note-legali\/\">NOTE LEGALI<img src=\"https:\/\/www.for-living.it\/wp-content\/uploads\/2019\/10\/arrow_right.svg\" \/><\/a><\/p>\n\n","protected":false},"excerpt":{"rendered":"<p>Translate this page in: \u00a0 INFORMAZIONI ESTESE SULL\u2019USO DEI COOKIE Ai sensi del provvedimento del Garante della Privacy n. 229 del 08\/05\/2014 Il presente documento fornisce informazioni dettagliate sull\u2019uso dei cookie e di tecnologie similari, su come sono utilizzati da FOR LIVING S.R.L. COSA SONO I COOKIEI cookie sono stringhe di testo di piccole dimensioni [&#8230;]\n","protected":false},"author":1,"featured_media":0,"parent":0,"menu_order":0,"comment_status":"closed","ping_status":"closed","template":"","meta":{"inline_featured_image":false},"yoast_head":"<!-- This site is optimized with the Yoast SEO plugin v18.5.1 - https:\/\/yoast.com\/wordpress\/plugins\/seo\/ -->\n<title>Cookie Policy - For Living<\/title>\n<meta name=\"robots\" content=\"index, nofollow, max-snippet:-1, max-image-preview:large, max-video-preview:-1\" \/>\n<link rel=\"canonical\" href=\"https:\/\/www.for-living.it\/fr\/cookie-policy\/\" \/>\n<meta property=\"og:locale\" content=\"fr_FR\" \/>\n<meta property=\"og:type\" content=\"article\" \/>\n<meta property=\"og:title\" content=\"Cookie Policy - For Living\" \/>\n<meta property=\"og:description\" content=\"Translate this page in: \u00a0 INFORMAZIONI ESTESE SULL\u2019USO DEI COOKIE Ai sensi del provvedimento del Garante della Privacy n. 229 del 08\/05\/2014 Il presente documento fornisce informazioni dettagliate sull\u2019uso dei cookie e di tecnologie similari, su come sono utilizzati da FOR LIVING S.R.L. COSA SONO I COOKIEI cookie sono stringhe di testo di piccole dimensioni [...]\" \/>\n<meta property=\"og:url\" content=\"https:\/\/www.for-living.it\/fr\/cookie-policy\/\" \/>\n<meta property=\"og:site_name\" content=\"For Living\" \/>\n<meta property=\"article:modified_time\" content=\"2020-05-26T08:42:32+00:00\" \/>\n<meta property=\"og:image\" content=\"https:\/\/www.for-living.it\/wp-content\/uploads\/2019\/10\/arrow_right.svg\" \/>\n<meta name=\"twitter:card\" content=\"summary_large_image\" \/>\n<meta name=\"twitter:label1\" content=\"Dur\u00e9e de lecture estim\u00e9e\" \/>\n\t<meta name=\"twitter:data1\" content=\"8 minutes\" \/>\n<script type=\"application\/ld+json\" class=\"yoast-schema-graph\">{\"@context\":\"https:\/\/schema.org\",\"@graph\":[{\"@type\":\"WebSite\",\"@id\":\"https:\/\/www.for-living.it\/#website\",\"url\":\"https:\/\/www.for-living.it\/\",\"name\":\"For Living\",\"description\":\"Bespoke made in Italy interiors.\",\"potentialAction\":[{\"@type\":\"SearchAction\",\"target\":{\"@type\":\"EntryPoint\",\"urlTemplate\":\"https:\/\/www.for-living.it\/?s={search_term_string}\"},\"query-input\":\"required name=search_term_string\"}],\"inLanguage\":\"fr-FR\"},{\"@type\":\"ImageObject\",\"@id\":\"https:\/\/www.for-living.it\/fr\/cookie-policy\/#primaryimage\",\"inLanguage\":\"fr-FR\",\"url\":\"https:\/\/www.for-living.it\/wp-content\/uploads\/2019\/10\/arrow_right.svg\",\"contentUrl\":\"https:\/\/www.for-living.it\/wp-content\/uploads\/2019\/10\/arrow_right.svg\",\"caption\":\"arrow right\"},{\"@type\":\"WebPage\",\"@id\":\"https:\/\/www.for-living.it\/fr\/cookie-policy\/#webpage\",\"url\":\"https:\/\/www.for-living.it\/fr\/cookie-policy\/\",\"name\":\"Cookie Policy - For Living\",\"isPartOf\":{\"@id\":\"https:\/\/www.for-living.it\/#website\"},\"primaryImageOfPage\":{\"@id\":\"https:\/\/www.for-living.it\/fr\/cookie-policy\/#primaryimage\"},\"datePublished\":\"2020-05-26T08:09:44+00:00\",\"dateModified\":\"2020-05-26T08:42:32+00:00\",\"breadcrumb\":{\"@id\":\"https:\/\/www.for-living.it\/fr\/cookie-policy\/#breadcrumb\"},\"inLanguage\":\"fr-FR\",\"potentialAction\":[{\"@type\":\"ReadAction\",\"target\":[\"https:\/\/www.for-living.it\/fr\/cookie-policy\/\"]}]},{\"@type\":\"BreadcrumbList\",\"@id\":\"https:\/\/www.for-living.it\/fr\/cookie-policy\/#breadcrumb\",\"itemListElement\":[{\"@type\":\"ListItem\",\"position\":1,\"name\":\"Home\",\"item\":\"https:\/\/www.for-living.it\/\"},{\"@type\":\"ListItem\",\"position\":2,\"name\":\"Cookie Policy\"}]}]}<\/script>\n<!-- \/ Yoast SEO plugin. -->","yoast_head_json":{"title":"Cookie Policy - For Living","robots":{"index":"index","follow":"nofollow","max-snippet":"max-snippet:-1","max-image-preview":"max-image-preview:large","max-video-preview":"max-video-preview:-1"},"canonical":"https:\/\/www.for-living.it\/fr\/cookie-policy\/","og_locale":"fr_FR","og_type":"article","og_title":"Cookie Policy - For Living","og_description":"Translate this page in: \u00a0 INFORMAZIONI ESTESE SULL\u2019USO DEI COOKIE Ai sensi del provvedimento del Garante della Privacy n. 229 del 08\/05\/2014 Il presente documento fornisce informazioni dettagliate sull\u2019uso dei cookie e di tecnologie similari, su come sono utilizzati da FOR LIVING S.R.L. COSA SONO I COOKIEI cookie sono stringhe di testo di piccole dimensioni [...]","og_url":"https:\/\/www.for-living.it\/fr\/cookie-policy\/","og_site_name":"For Living","article_modified_time":"2020-05-26T08:42:32+00:00","og_image":[{"url":"https:\/\/www.for-living.it\/wp-content\/uploads\/2019\/10\/arrow_right.svg"}],"twitter_card":"summary_large_image","twitter_misc":{"Dur\u00e9e de lecture estim\u00e9e":"8 minutes"},"schema":{"@context":"https:\/\/schema.org","@graph":[{"@type":"WebSite","@id":"https:\/\/www.for-living.it\/#website","url":"https:\/\/www.for-living.it\/","name":"For Living","description":"Bespoke made in Italy interiors.","potentialAction":[{"@type":"SearchAction","target":{"@type":"EntryPoint","urlTemplate":"https:\/\/www.for-living.it\/?s={search_term_string}"},"query-input":"required name=search_term_string"}],"inLanguage":"fr-FR"},{"@type":"ImageObject","@id":"https:\/\/www.for-living.it\/fr\/cookie-policy\/#primaryimage","inLanguage":"fr-FR","url":"https:\/\/www.for-living.it\/wp-content\/uploads\/2019\/10\/arrow_right.svg","contentUrl":"https:\/\/www.for-living.it\/wp-content\/uploads\/2019\/10\/arrow_right.svg","caption":"arrow right"},{"@type":"WebPage","@id":"https:\/\/www.for-living.it\/fr\/cookie-policy\/#webpage","url":"https:\/\/www.for-living.it\/fr\/cookie-policy\/","name":"Cookie Policy - For Living","isPartOf":{"@id":"https:\/\/www.for-living.it\/#website"},"primaryImageOfPage":{"@id":"https:\/\/www.for-living.it\/fr\/cookie-policy\/#primaryimage"},"datePublished":"2020-05-26T08:09:44+00:00","dateModified":"2020-05-26T08:42:32+00:00","breadcrumb":{"@id":"https:\/\/www.for-living.it\/fr\/cookie-policy\/#breadcrumb"},"inLanguage":"fr-FR","potentialAction":[{"@type":"ReadAction","target":["https:\/\/www.for-living.it\/fr\/cookie-policy\/"]}]},{"@type":"BreadcrumbList","@id":"https:\/\/www.for-living.it\/fr\/cookie-policy\/#breadcrumb","itemListElement":[{"@type":"ListItem","position":1,"name":"Home","item":"https:\/\/www.for-living.it\/"},{"@type":"ListItem","position":2,"name":"Cookie Policy"}]}]}},"_links":{"self":[{"href":"https:\/\/www.for-living.it\/fr\/wp-json\/wp\/v2\/pages\/6573"}],"collection":[{"href":"https:\/\/www.for-living.it\/fr\/wp-json\/wp\/v2\/pages"}],"about":[{"href":"https:\/\/www.for-living.it\/fr\/wp-json\/wp\/v2\/types\/page"}],"author":[{"embeddable":true,"href":"https:\/\/www.for-living.it\/fr\/wp-json\/wp\/v2\/users\/1"}],"replies":[{"embeddable":true,"href":"https:\/\/www.for-living.it\/fr\/wp-json\/wp\/v2\/comments?post=6573"}],"version-history":[{"count":2,"href":"https:\/\/www.for-living.it\/fr\/wp-json\/wp\/v2\/pages\/6573\/revisions"}],"predecessor-version":[{"id":6601,"href":"https:\/\/www.for-living.it\/fr\/wp-json\/wp\/v2\/pages\/6573\/revisions\/6601"}],"wp:attachment":[{"href":"https:\/\/www.for-living.it\/fr\/wp-json\/wp\/v2\/media?parent=6573"}],"curies":[{"name":"wp","href":"https:\/\/api.w.org\/{rel}","templated":true}]}}