{"id":6585,"date":"2020-05-26T10:28:44","date_gmt":"2020-05-26T08:28:44","guid":{"rendered":"https:\/\/www.for-living.it\/?page_id=6585"},"modified":"2022-10-28T11:34:48","modified_gmt":"2022-10-28T09:34:48","slug":"privacy-policy","status":"publish","type":"page","link":"https:\/\/www.for-living.it\/ru\/privacy-policy\/","title":{"rendered":"Privacy Policy"},"content":{"rendered":"\n\t<section class=\"section\" id=\"section_848812196\">\n\t\t<div class=\"bg section-bg fill bg-fill  bg-loaded\" >\n\n\t\t\t\n\t\t\t\n\t\t\t\n\n\t\t<\/div>\n\n\t\t\n\n\t\t<div class=\"section-content relative\">\n\t\t\t\n\n<div class=\"row\"  id=\"row-1386759547\">\n\n\n\t<div id=\"col-517292231\" class=\"col small-12 large-12\"  >\n\t\t\t\t<div class=\"col-inner\"  >\n\t\t\t\n\t\t\t\n\n<p>Translate this page in:<\/p>\n<div id=\"google_translate_element\">\u00a0<\/div>\n<p align=\"justify\"><script type=\"text\/javascript\">\nfunction googleTranslateElementInit() {\nnew google.translate.TranslateElement({pageLanguage: 'it'}, 'google_translate_element');\n}\n<\/script><br \/><script type=\"text\/javascript\" src=\"\/\/translate.google.com\/translate_a\/element.js?cb=googleTranslateElementInit\"><\/script><\/p>\n<h1>INFORMATIVA PER IL TRATTAMENTO DEI DATI PERSONALI<\/h1>\n<h5><i>Informativa ai sensi degli art. 13-14 del Regolamento UE 679\/2016, del D.Lgs. 196\/2003 e del D.Lgs. 101\/2018<\/i><\/h5>\n<p align=\"justify\">Ai sensi dell\u2019art. 13 del Regolamento UE n. 679\/2016 e del c.d. Codice Privacy di cui al D.Lgs. 30 giugno 2003 n. 196, cos\u00ec come modificato dal D.Lgs. 10 agosto 2018 n. 101, questa pagina ha la finalit\u00e0 di descrivere le modalit\u00e0 di trattamento dei dati personali degli utenti che consultano il sito web di For Living Srl e per fornire informazioni estese in merito a tutti i servizi offerti da For Living Srl.<\/p>\n<p align=\"justify\">Le presenti informazioni non riguardano altri siti, pagine o servizi online raggiungibili tramite link ipertestuali eventualmente pubblicati nei siti ma riferiti a risorse esterne al dominio di For Living Srl.<\/p>\n<p align=\"justify\">A seguito della consultazione dei siti di For Living Srl possono essere trattati dati relativi a persone fisiche identificate o identificabili.<\/p>\n<p align=\"justify\"><strong>TITOLARE DEL TRATTAMENTO<\/strong><br \/>Il titolare del trattamento e\u0300 For Living Srl, con sede in via dei Giardini, 3 &#8212; 20121 Milano (MI), &#8212; P.IVA 06860540969, PEC forlivingsrl@legalmail.it .<\/p>\n<p align=\"justify\"><strong>RESPONSABILE DELLA PROTEZIONE DEI DATI<\/strong><br \/>Il titolare del trattamento \u00e8 For Living Srl<\/p>\n<p align=\"justify\"><strong>BASE GIURIDICA DEL TRATTAMENTO<\/strong><br \/>Ai sensi dell\u2019 art. 6, par. 1 let. A del Regolamento UE n. 67972016.<\/p>\n<p align=\"justify\">Il titolare tratta i dati personali forniti dall\u2019utente sulla base:<\/p>\n<ul>\n<li>del consenso al trattamento;<\/li>\n<li>dell\u2019adempimento di un obbligo di legge;<\/li>\n<li>del perseguimento del legittimo interesse del titolare del trattamento.<\/li>\n<\/ul>\n<p align=\"justify\"><strong>FINALIT\u00c0 DI TRATTAMENTO<\/strong><br \/>Il trattamento \u00e8 necessario per l\u2019esecuzione degli adempimenti previsti per Legge.<\/p>\n<p align=\"justify\">I dati personali forniti dagli utenti possono essere trattati per:<\/p>\n<ul>\n<li>scelte strategiche di For Living Srl (ad es. invio di materiale informativo, accesso ai servizi, ecc.).<\/li>\n<\/ul>\n<p align=\"justify\">I dati personali forniti dagli utenti saranno comunque trattati coerentemente ai servizi offerti da For Living Srl attraverso il proprio portale. Nell\u2019ambito di tali finalit\u00e0 il trattamento riguarda anche i dati relativi alle registrazioni al portale necessari per la gestione dei rapporti con For Living Srl, nonch\u00e9 per consentire un\u2019efficace comunicazione aziendale e per adempiere ad eventuali obblighi di legge, regolamentari o contrattuali.<\/p>\n<p align=\"justify\"><strong>LUOGO DEL TRATTAMENTO DEI DATI<\/strong><br \/>I trattamenti connessi ai servizi web di questo sito hanno luogo presso le sedi dell\u2019attivit\u00e0 e sono curati solo da personale tecnico incaricato del trattamento, oppure da eventuali incaricati di occasionali operazioni di manutenzione. Nessun dato derivante dal servizio web viene comunicato o diffuso, salvo nei casi espressamente previsti dalla legge. I dati personali forniti dagli utenti sono utilizzati al solo fine di eseguire il servizio o la prestazione richiesta ed espressa nelle finalit\u00e0 del trattamento e sono comunicati a terzi nel solo caso in cui ci\u00f2 sia a tal fine necessario.<\/p>\n<p align=\"justify\">Il Suoi dati potranno essere conservati, anche a fini di backup, su piattaforme di \u201ccloud storage\u201d i cui server potrebbero essere distribuiti su scala mondiale; al pari i Suoi dati personali potranno essere trattati mediante strumenti \u201conline\u201d e piattaforme \u201ccloud\u201d dedicate. In ogni caso For Living Srl si avvarr\u00e0 soltanto di servizi offerti da provider di comprovata affidabilit\u00e0 che a loro volta siano conformi alle regole ed ai principi sanciti dal Regolamento UE n. 679\/2016 nel trattamento delle informazioni personali.<\/p>\n<p align=\"justify\"><strong>TIPOLOGIA DI DATI TRATTATI<\/strong><br \/><strong><i>Dati di navigazione<\/i> <\/strong><br \/>I sistemi informatici e le procedure SOFTWARE preposte al funzionamento di questo sito WEB acquisiscono, nel corso del loro normale esercizio, alcuni dati personali la cui trasmissione \u00e8 implicita nell\u2019uso dei protocolli di comunicazione di Internet.<\/p>\n<p align=\"justify\">In questa categoria di dati rientrano gli indirizzi IP o i nomi a dominio dei computer e dei terminali utilizzati dagli utenti, gli indirizzi in notazione URI \/ URL (UNIFORM RESOURCE IDENTIFIER \/ LOCATOR) delle risorse richieste, l\u2019orario della richiesta, il metodo utilizzato nel sottoporre la richiesta al server, la dimensione del file ottenuto in risposta, il codice numerico indicante lo stato della risposta data dal SERVER (buon fine, errore, ecc.) ed altri parametri relativi al sistema operativo e all\u2019ambiente informatico dell\u2019utente.<\/p>\n<p align=\"justify\">Questi dati, necessari per la fruizione dei servizi web, vengono utilizzati al solo fine di ricavare informazioni statistiche anonime sull\u2019uso del sito e per controllarne il corretto funzionamento e vengono cancellati immediatamente dopo l\u2019elaborazione. I dati potrebbero essere utilizzati per l\u2019accertamento di responsabilit\u00e0 in caso di ipotetici reati informatici ai danni del sito: salva questa eventualit\u00e0, allo stato i dati sui contatti WEB non vengono conservati in maniera permanente.<\/p>\n<p align=\"justify\"><strong><i>Dati forniti volontariamente dall\u2019utente<\/i><\/strong><br \/>L\u2019invio facoltativo, esplicito e volontario di messaggi agli indirizzi indicati su questo sito, comporta la successiva acquisizione dei dati di contatto del mittente, necessari per rispondere alle richieste, nonch\u00e9 degli eventuali altri dati personali inseriti nella missiva.<\/p>\n<p align=\"justify\">In caso di utilizzo di servizi on line i dati potranno essere trattati anche al fine di adempiere agli obblighi previsti in ambito fiscale, tributario e contabile.<\/p>\n<p align=\"justify\"><strong><i>Cookie e altri sistemi di tracciamento<\/i><\/strong><br \/>Non viene fatto uso di COOKIE per la profilazione degli utenti, n\u00e9 vengono impiegati altri sistemi di tracciamento.<\/p>\n<p align=\"justify\">Viene invece fatto uso di cookie di sessione (non persistenti) in modo strettamente limitato a quanto necessario per la navigazione sicura ed efficiente dei siti. La memorizzazione dei cookie di sessione nei terminali o nei browser \u00e8 sotto il controllo dell\u2019utente, laddove sui server, al termine delle sessioni HTTP, informazioni relative ai cookie restano registrate nei log dei servizi, con tempi di conservazione comunque non superiori ai sette giorni al pari degli altri dati di navigazione.<\/p>\n<p align=\"justify\"><strong>DESTINATARI O CATEGORIE DI DESTINATARI DEI DATI<\/strong><br \/>I dati personali raccolti sono trattati dal titolare del trattamento, nonch\u00e9 dalle persone autorizzate al trattamento dei dati personali sotto l\u2019autorit\u00e0 diretta del titolare o del responsabile (c.d. terzi art. 4.10 GDPR).<\/p>\n<p align=\"justify\"><strong>FACOLTATIVIT\u00c0 DEL CONFERIMENTO DEI DATI<\/strong><br \/>A parte quanto specificato per i dati di navigazione, l\u2019utente \u00e8 libero di fornire i dati personali per le finalit\u00e0 in base alle quali si connette al sito. Tuttavia, il loro mancato conferimento pu\u00f2 comportare l\u2019impossibilit\u00e0 di ottenere quanto richiesto.<\/p>\n<p align=\"justify\"><strong>MODALIT\u00c0 E TEMPO DEL TRATTAMENTO<\/strong><br \/>I dati personali sono trattati con strumenti automatizzati e conservati per il tempo necessario all\u2019esecuzione e\/o gestione del rapporto con l\u2019utente\/assistito e, successivamente, per il tempo in cui l\u2019Ente sia soggetto a obblighi di conservazione per finalit\u00e0 fiscali o per altre finalit\u00e0, previste da norme di legge o regolamento.<\/p>\n<p align=\"justify\">Il Trattamento dei dati potr\u00e0 essere effettuato sia con mezzi normali che con mezzi informatici.<\/p>\n<p align=\"justify\">In relazione alle finalit\u00e0 descritte, i dati verranno trattati tramite strumenti cartacei, informatici e telematici dal Titolare, dal responsabile e\/o dagli incaricati del trattamento nel rispetto della normativa sopra richiamata e comunque mediante strumenti idonei a garantire la loro sicurezza e riservatezza.<\/p>\n<p align=\"justify\">I dati personali conferiti potranno essere oggetto di trattamento esclusivamente per le finalit\u00e0 connesse al raggiungimento degli scopi per i quali vengono richiesti. Nel rispetto dei principi di liceit\u00e0, limitazione delle finalit\u00e0 e minimizzazione dei dati, ai sensi dell\u2019art. 5 del Regolamento UE n. 679\/2016, previo il consenso libero ed esplicito dell\u2019utente espresso al momento della registrazione, i dati personali dello stesso saranno conservati per il periodo di tempo necessario per il conseguimento delle finalit\u00e0 per le quali sono raccolti e trattati.<\/p>\n<p align=\"justify\">Nel caso in cui l\u2019utente scelga un servizio, gestito in tutto o in parte da altro soggetto, i suoi dati verranno comunicati, come richiesto e\/o previsto, ai singoli gestori che opereranno come Responsabili per il trattamento connesso all\u2019erogazione dei servizi di propria competenza.<\/p>\n<p align=\"justify\"><strong>TRASFERIMENTO DEI DATI ALL\u2019ESTERO<\/strong><br \/>I dati non vengono trasferiti a Paesi terzi al di fuori dell\u2019Unione Europea.<\/p>\n<p align=\"justify\"><strong>DIRITTI DEGLI INTERESSATI<\/strong><br \/>In qualunque momento l\u2019interessato potr\u00e0 esercitare i diritti di cui agli articoli 15 e seguenti del Regolamento UE n. 679\/2016 e precisamente:<\/p>\n<ul>\n<li>Il diritto di sapere se i propri dati personali siano oggetto di trattamento e quindi di conoscerne il contenuto e l\u2019origine, di verificarne l\u2019esattezza o chiederne l\u2019integrazione, la cancellazione (diritto all\u2019oblio, art. 17 Regolamento UE n. 679\/2016), la limitazione, l\u2019aggiornamento, la rettifica, la trasformazione in forma anonima o il blocco, nonch\u00e9 il diritto di opporsi in ogni caso, per motivi legittimi, al loro trattamento.<\/li>\n<li>Il consenso prestato potr\u00e0 essere revocato in qualsiasi momento determinando l\u2019interruzione del trattamento. Tali diritti potranno essere esercitati nei confronti del titolare del trattamento inviando una mail al titolare ai seguenti indirizzi: <a href=\"mailto:info@for-living.it\">info@for-living.it<\/a>.<\/li>\n<\/ul>\n<p align=\"justify\"><strong>DIRITTO AL RECLAMO<\/strong><br \/>Gli interessati che ritengono che il trattamento dei dati personali a loro riferiti, effettuato attraverso questo sito, avvenga in violazione di quanto previsto dal Regolamento UE n. 679\/2016 hanno diritto di proporre reclamo al Garante, come previsto dall\u2019art. 77 del Regolamento stesso o di adire le opportune sedi giudiziarie (art. 79 del Regolamento UE n. 679\/2016).<\/p>\n<p align=\"justify\"><a href=\"https:\/\/www.for-living.it\/ru\/note-legali\/\">NOTE LEGALI<img src=\"https:\/\/www.for-living.it\/wp-content\/uploads\/2019\/10\/arrow_right.svg\" \/><\/a><\/p>\n\n\t\t<\/div>\n\t\t\t\t\t<\/div>\n\n\t\n\n<\/div>\n\n\t\t<\/div>\n\n\t\t\n<style>\n#section_848812196 {\n  padding-top: 30px;\n  padding-bottom: 30px;\n}\n#section_848812196 .ux-shape-divider--top svg {\n  height: 150px;\n  --divider-top-width: 100%;\n}\n#section_848812196 .ux-shape-divider--bottom svg {\n  height: 150px;\n  --divider-width: 100%;\n}\n<\/style>\n\t<\/section>\n\t\n\n","protected":false},"excerpt":{"rendered":"","protected":false},"author":1,"featured_media":0,"parent":0,"menu_order":0,"comment_status":"closed","ping_status":"closed","template":"page-blank.php","meta":{"inline_featured_image":false},"yoast_head":"<!-- This site is optimized with the Yoast SEO plugin v18.5.1 - https:\/\/yoast.com\/wordpress\/plugins\/seo\/ -->\n<title>Privacy Policy - For Living<\/title>\n<meta name=\"robots\" content=\"index, nofollow, max-snippet:-1, max-image-preview:large, max-video-preview:-1\" \/>\n<link rel=\"canonical\" href=\"https:\/\/www.for-living.it\/ru\/privacy-policy\/\" \/>\n<meta property=\"og:locale\" content=\"ru_RU\" \/>\n<meta property=\"og:type\" content=\"article\" \/>\n<meta property=\"og:title\" content=\"Privacy Policy - For Living\" \/>\n<meta property=\"og:url\" content=\"https:\/\/www.for-living.it\/ru\/privacy-policy\/\" \/>\n<meta property=\"og:site_name\" content=\"For Living\" \/>\n<meta property=\"article:modified_time\" content=\"2022-10-28T09:34:48+00:00\" \/>\n<meta property=\"og:image\" content=\"https:\/\/www.for-living.it\/wp-content\/uploads\/2019\/10\/arrow_right.svg\" \/>\n<meta name=\"twitter:card\" content=\"summary_large_image\" \/>\n<meta name=\"twitter:label1\" content=\"\u041f\u0440\u0438\u043c\u0435\u0440\u043d\u043e\u0435 \u0432\u0440\u0435\u043c\u044f \u0434\u043b\u044f \u0447\u0442\u0435\u043d\u0438\u044f\" \/>\n\t<meta name=\"twitter:data1\" content=\"7 \u043c\u0438\u043d\u0443\u0442\" \/>\n<script type=\"application\/ld+json\" class=\"yoast-schema-graph\">{\"@context\":\"https:\/\/schema.org\",\"@graph\":[{\"@type\":\"WebSite\",\"@id\":\"https:\/\/www.for-living.it\/#website\",\"url\":\"https:\/\/www.for-living.it\/\",\"name\":\"For Living\",\"description\":\"Bespoke made in Italy interiors.\",\"potentialAction\":[{\"@type\":\"SearchAction\",\"target\":{\"@type\":\"EntryPoint\",\"urlTemplate\":\"https:\/\/www.for-living.it\/?s={search_term_string}\"},\"query-input\":\"required name=search_term_string\"}],\"inLanguage\":\"ru-RU\"},{\"@type\":\"ImageObject\",\"@id\":\"https:\/\/www.for-living.it\/ru\/privacy-policy\/#primaryimage\",\"inLanguage\":\"ru-RU\",\"url\":\"https:\/\/www.for-living.it\/wp-content\/uploads\/2019\/10\/arrow_right.svg\",\"contentUrl\":\"https:\/\/www.for-living.it\/wp-content\/uploads\/2019\/10\/arrow_right.svg\",\"caption\":\"arrow right\"},{\"@type\":\"WebPage\",\"@id\":\"https:\/\/www.for-living.it\/ru\/privacy-policy\/#webpage\",\"url\":\"https:\/\/www.for-living.it\/ru\/privacy-policy\/\",\"name\":\"Privacy Policy - For Living\",\"isPartOf\":{\"@id\":\"https:\/\/www.for-living.it\/#website\"},\"primaryImageOfPage\":{\"@id\":\"https:\/\/www.for-living.it\/ru\/privacy-policy\/#primaryimage\"},\"datePublished\":\"2020-05-26T08:28:44+00:00\",\"dateModified\":\"2022-10-28T09:34:48+00:00\",\"breadcrumb\":{\"@id\":\"https:\/\/www.for-living.it\/ru\/privacy-policy\/#breadcrumb\"},\"inLanguage\":\"ru-RU\",\"potentialAction\":[{\"@type\":\"ReadAction\",\"target\":[\"https:\/\/www.for-living.it\/ru\/privacy-policy\/\"]}]},{\"@type\":\"BreadcrumbList\",\"@id\":\"https:\/\/www.for-living.it\/ru\/privacy-policy\/#breadcrumb\",\"itemListElement\":[{\"@type\":\"ListItem\",\"position\":1,\"name\":\"Home\",\"item\":\"https:\/\/www.for-living.it\/ru\/\"},{\"@type\":\"ListItem\",\"position\":2,\"name\":\"Privacy Policy\"}]}]}<\/script>\n<!-- \/ Yoast SEO plugin. -->","yoast_head_json":{"title":"Privacy Policy - For Living","robots":{"index":"index","follow":"nofollow","max-snippet":"max-snippet:-1","max-image-preview":"max-image-preview:large","max-video-preview":"max-video-preview:-1"},"canonical":"https:\/\/www.for-living.it\/ru\/privacy-policy\/","og_locale":"ru_RU","og_type":"article","og_title":"Privacy Policy - For Living","og_url":"https:\/\/www.for-living.it\/ru\/privacy-policy\/","og_site_name":"For Living","article_modified_time":"2022-10-28T09:34:48+00:00","og_image":[{"url":"https:\/\/www.for-living.it\/wp-content\/uploads\/2019\/10\/arrow_right.svg"}],"twitter_card":"summary_large_image","twitter_misc":{"\u041f\u0440\u0438\u043c\u0435\u0440\u043d\u043e\u0435 \u0432\u0440\u0435\u043c\u044f \u0434\u043b\u044f \u0447\u0442\u0435\u043d\u0438\u044f":"7 \u043c\u0438\u043d\u0443\u0442"},"schema":{"@context":"https:\/\/schema.org","@graph":[{"@type":"WebSite","@id":"https:\/\/www.for-living.it\/#website","url":"https:\/\/www.for-living.it\/","name":"For Living","description":"Bespoke made in Italy interiors.","potentialAction":[{"@type":"SearchAction","target":{"@type":"EntryPoint","urlTemplate":"https:\/\/www.for-living.it\/?s={search_term_string}"},"query-input":"required name=search_term_string"}],"inLanguage":"ru-RU"},{"@type":"ImageObject","@id":"https:\/\/www.for-living.it\/ru\/privacy-policy\/#primaryimage","inLanguage":"ru-RU","url":"https:\/\/www.for-living.it\/wp-content\/uploads\/2019\/10\/arrow_right.svg","contentUrl":"https:\/\/www.for-living.it\/wp-content\/uploads\/2019\/10\/arrow_right.svg","caption":"arrow right"},{"@type":"WebPage","@id":"https:\/\/www.for-living.it\/ru\/privacy-policy\/#webpage","url":"https:\/\/www.for-living.it\/ru\/privacy-policy\/","name":"Privacy Policy - For Living","isPartOf":{"@id":"https:\/\/www.for-living.it\/#website"},"primaryImageOfPage":{"@id":"https:\/\/www.for-living.it\/ru\/privacy-policy\/#primaryimage"},"datePublished":"2020-05-26T08:28:44+00:00","dateModified":"2022-10-28T09:34:48+00:00","breadcrumb":{"@id":"https:\/\/www.for-living.it\/ru\/privacy-policy\/#breadcrumb"},"inLanguage":"ru-RU","potentialAction":[{"@type":"ReadAction","target":["https:\/\/www.for-living.it\/ru\/privacy-policy\/"]}]},{"@type":"BreadcrumbList","@id":"https:\/\/www.for-living.it\/ru\/privacy-policy\/#breadcrumb","itemListElement":[{"@type":"ListItem","position":1,"name":"Home","item":"https:\/\/www.for-living.it\/ru\/"},{"@type":"ListItem","position":2,"name":"Privacy Policy"}]}]}},"_links":{"self":[{"href":"https:\/\/www.for-living.it\/ru\/wp-json\/wp\/v2\/pages\/6585"}],"collection":[{"href":"https:\/\/www.for-living.it\/ru\/wp-json\/wp\/v2\/pages"}],"about":[{"href":"https:\/\/www.for-living.it\/ru\/wp-json\/wp\/v2\/types\/page"}],"author":[{"embeddable":true,"href":"https:\/\/www.for-living.it\/ru\/wp-json\/wp\/v2\/users\/1"}],"replies":[{"embeddable":true,"href":"https:\/\/www.for-living.it\/ru\/wp-json\/wp\/v2\/comments?post=6585"}],"version-history":[{"count":3,"href":"https:\/\/www.for-living.it\/ru\/wp-json\/wp\/v2\/pages\/6585\/revisions"}],"predecessor-version":[{"id":12261,"href":"https:\/\/www.for-living.it\/ru\/wp-json\/wp\/v2\/pages\/6585\/revisions\/12261"}],"wp:attachment":[{"href":"https:\/\/www.for-living.it\/ru\/wp-json\/wp\/v2\/media?parent=6585"}],"curies":[{"name":"wp","href":"https:\/\/api.w.org\/{rel}","templated":true}]}}